{"id":11,"date":"2017-05-04T01:13:05","date_gmt":"2017-05-04T01:13:05","guid":{"rendered":"http:\/\/localhost\/wordpress\/?page_id=11"},"modified":"2023-05-09T23:52:51","modified_gmt":"2023-05-09T23:52:51","slug":"a-homepage-section","status":"publish","type":"page","link":"https:\/\/boticasdonajosefa.com\/?page_id=11","title":{"rendered":"Principios"},"content":{"rendered":"<table style=\"height: 244px; width: 578px;\">\n<tbody>\n<tr style=\"height: 194px;\">\n<td style=\"width: 184px; height: 194px;\"><img loading=\"lazy\" decoding=\"async\" class=\"size-medium wp-image-51 alignleft\" src=\"http:\/\/localhost\/wordpress\/wp-content\/uploads\/2017\/05\/dcc12c_074ee908b01a4cb18d6432b20140251a-300x243.png\" alt=\"\" width=\"300\" height=\"243\" srcset=\"https:\/\/boticasdonajosefa.com\/wp-content\/uploads\/2017\/05\/dcc12c_074ee908b01a4cb18d6432b20140251a-300x243.png 300w, https:\/\/boticasdonajosefa.com\/wp-content\/uploads\/2017\/05\/dcc12c_074ee908b01a4cb18d6432b20140251a.png 400w\" sizes=\"auto, (max-width: 300px) 100vw, 300px\" \/><\/td>\n<td style=\"width: 379px; height: 194px;\">Misi\u00f3n<\/p>\n<p>Proporcionar de manera profesional y eficiente, servicios administrativos, inform\u00e1ticos y contables de alta calidad para la operaci\u00f3n de las franquicias de Farmacias Similares, con base en un modelo de gesti\u00f3n de la calidad total, que combine el uso de nuevas tecnolog\u00edas de la informaci\u00f3n con la energ\u00eda y capacidad de su factor humano.<\/td>\n<\/tr>\n<\/tbody>\n<\/table>\n<table style=\"width: 578px;\">\n<tbody>\n<tr>\n<td style=\"width: 184px;\"><img loading=\"lazy\" decoding=\"async\" class=\"alignnone wp-image-52\" src=\"http:\/\/localhost\/wordpress\/wp-content\/uploads\/2017\/05\/dcc12c_e01c3ea985504353a3bf6a89e44e8ae4-300x266.png\" alt=\"\" width=\"169\" height=\"149\" srcset=\"https:\/\/boticasdonajosefa.com\/wp-content\/uploads\/2017\/05\/dcc12c_e01c3ea985504353a3bf6a89e44e8ae4-300x266.png 300w, https:\/\/boticasdonajosefa.com\/wp-content\/uploads\/2017\/05\/dcc12c_e01c3ea985504353a3bf6a89e44e8ae4.png 464w\" sizes=\"auto, (max-width: 169px) 100vw, 169px\" \/><\/td>\n<td style=\"width: 379px;\">Visi\u00f3n<\/p>\n<p>Ser l\u00edderes en la operaci\u00f3n de franquicias de Farmacias Similares con base en un modelo de gesti\u00f3n de la calidad total, que se refleje en la satisfacci\u00f3n de sus clientes, en el crecimiento profesional del personal y en el beneficio econ\u00f3mico de la organizaci\u00f3n y de su plantilla laboral.<\/td>\n<\/tr>\n<\/tbody>\n<\/table>\n<p>&nbsp;<\/p>\n<table style=\"width: 578px;\">\n<tbody>\n<tr>\n<td style=\"width: 185px;\"><img loading=\"lazy\" decoding=\"async\" class=\"alignnone size-medium wp-image-53\" src=\"http:\/\/localhost\/wordpress\/wp-content\/uploads\/2017\/05\/dcc12c_2cabe21c7a7a4db29fe3b769a9d4ebc1-300x214.jpg\" alt=\"\" width=\"300\" height=\"214\" srcset=\"https:\/\/boticasdonajosefa.com\/wp-content\/uploads\/2017\/05\/dcc12c_2cabe21c7a7a4db29fe3b769a9d4ebc1-300x214.jpg 300w, https:\/\/boticasdonajosefa.com\/wp-content\/uploads\/2017\/05\/dcc12c_2cabe21c7a7a4db29fe3b769a9d4ebc1.jpg 350w\" sizes=\"auto, (max-width: 300px) 100vw, 300px\" \/><\/td>\n<td style=\"width: 378px;\">Pol\u00edtica de Calidad<\/p>\n<p>En Boticas do\u00f1a josefa nos esforzamos permanentemente por ofrecer servicios administrativos y contables de alta calidad, a fin de que las franquicias de Farmacias Similares, operen en un marco de salud financiera en un ambiente laboral agradable y beneficioso.<\/td>\n<\/tr>\n<\/tbody>\n<\/table>\n<p>&nbsp;<\/p>\n","protected":false},"excerpt":{"rendered":"<p>Misi\u00f3n Proporcionar de manera profesional y eficiente, servicios administrativos, inform\u00e1ticos y contables de alta calidad para la operaci\u00f3n de las franquicias de Farmacias Similares, con base en un modelo de gesti\u00f3n de la calidad total, que combine el uso de nuevas tecnolog\u00edas de la informaci\u00f3n con la energ\u00eda y capacidad de su factor humano. Visi\u00f3n &hellip; <\/p>\n<p class=\"link-more\"><a href=\"https:\/\/boticasdonajosefa.com\/?page_id=11\" class=\"more-link\">Continuar leyendo<span class=\"screen-reader-text\"> &#8220;Principios&#8221;<\/span><\/a><\/p>\n","protected":false},"author":1,"featured_media":0,"parent":0,"menu_order":0,"comment_status":"closed","ping_status":"closed","template":"","meta":{"footnotes":""},"class_list":["post-11","page","type-page","status-publish","hentry"],"_links":{"self":[{"href":"https:\/\/boticasdonajosefa.com\/index.php?rest_route=\/wp\/v2\/pages\/11","targetHints":{"allow":["GET"]}}],"collection":[{"href":"https:\/\/boticasdonajosefa.com\/index.php?rest_route=\/wp\/v2\/pages"}],"about":[{"href":"https:\/\/boticasdonajosefa.com\/index.php?rest_route=\/wp\/v2\/types\/page"}],"author":[{"embeddable":true,"href":"https:\/\/boticasdonajosefa.com\/index.php?rest_route=\/wp\/v2\/users\/1"}],"replies":[{"embeddable":true,"href":"https:\/\/boticasdonajosefa.com\/index.php?rest_route=%2Fwp%2Fv2%2Fcomments&post=11"}],"version-history":[{"count":10,"href":"https:\/\/boticasdonajosefa.com\/index.php?rest_route=\/wp\/v2\/pages\/11\/revisions"}],"predecessor-version":[{"id":168,"href":"https:\/\/boticasdonajosefa.com\/index.php?rest_route=\/wp\/v2\/pages\/11\/revisions\/168"}],"wp:attachment":[{"href":"https:\/\/boticasdonajosefa.com\/index.php?rest_route=%2Fwp%2Fv2%2Fmedia&parent=11"}],"curies":[{"name":"wp","href":"https:\/\/api.w.org\/{rel}","templated":true}]}}