{"id":7,"date":"2017-05-04T01:12:50","date_gmt":"2017-05-04T01:12:50","guid":{"rendered":"http:\/\/localhost\/wordpress\/?page_id=7"},"modified":"2023-05-09T23:56:59","modified_gmt":"2023-05-09T23:56:59","slug":"home","status":"publish","type":"page","link":"https:\/\/boticasdonajosefa.com\/?page_id=7","title":{"rendered":"Inicio"},"content":{"rendered":"<p style=\"text-align: justify;\">Estimados<br \/>\nCompa\u00f1er@s reciban un cordial saludo, el corporativo les agradece su visita a la p\u00e1gina Virtual\u00a0&#8220;sistema de permisos y vacaciones&#8221;.<\/p>\n<p style=\"text-align: justify;\">En esta p\u00e1gina podr\u00e1n obtener una interacci\u00f3n directa con\u00a0el departamento de Recursos Humanos, as\u00ed como validar sus estatus de checadas.<\/p>\n<p style=\"text-align: justify;\">Recuerde que continuamente estamos innovando y su experiencia en el sitio nos ayudara a ofrecer\u00e9 un mejor servicio.<\/p>\n<p style=\"text-align: justify;\">Nuevamente un saludo de sus compa\u00f1eros de Boticas do\u00f1a josefa<\/p>\n<p><img loading=\"lazy\" decoding=\"async\" class=\"alignnone size-medium wp-image-58 aligncenter\" src=\"http:\/\/localhost\/wordpress\/wp-content\/uploads\/2017\/05\/img1-300x274.jpg\" alt=\"\" width=\"300\" height=\"274\" srcset=\"https:\/\/boticasdonajosefa.com\/wp-content\/uploads\/2017\/05\/img1-300x274.jpg 300w, https:\/\/boticasdonajosefa.com\/wp-content\/uploads\/2017\/05\/img1.jpg 600w\" sizes=\"auto, (max-width: 300px) 100vw, 300px\" \/><\/p>\n","protected":false},"excerpt":{"rendered":"<p>Estimados Compa\u00f1er@s reciban un cordial saludo, el corporativo les agradece su visita a la p\u00e1gina Virtual\u00a0&#8220;sistema de permisos y vacaciones&#8221;. En esta p\u00e1gina podr\u00e1n obtener una interacci\u00f3n directa con\u00a0el departamento de Recursos Humanos, as\u00ed como validar sus estatus de checadas. Recuerde que continuamente estamos innovando y su experiencia en el sitio nos ayudara a ofrecer\u00e9 &hellip; <\/p>\n<p class=\"link-more\"><a href=\"https:\/\/boticasdonajosefa.com\/?page_id=7\" class=\"more-link\">Continuar leyendo<span class=\"screen-reader-text\"> &#8220;Inicio&#8221;<\/span><\/a><\/p>\n","protected":false},"author":1,"featured_media":0,"parent":0,"menu_order":0,"comment_status":"closed","ping_status":"closed","template":"","meta":{"footnotes":""},"class_list":["post-7","page","type-page","status-publish","hentry"],"_links":{"self":[{"href":"https:\/\/boticasdonajosefa.com\/index.php?rest_route=\/wp\/v2\/pages\/7","targetHints":{"allow":["GET"]}}],"collection":[{"href":"https:\/\/boticasdonajosefa.com\/index.php?rest_route=\/wp\/v2\/pages"}],"about":[{"href":"https:\/\/boticasdonajosefa.com\/index.php?rest_route=\/wp\/v2\/types\/page"}],"author":[{"embeddable":true,"href":"https:\/\/boticasdonajosefa.com\/index.php?rest_route=\/wp\/v2\/users\/1"}],"replies":[{"embeddable":true,"href":"https:\/\/boticasdonajosefa.com\/index.php?rest_route=%2Fwp%2Fv2%2Fcomments&post=7"}],"version-history":[{"count":5,"href":"https:\/\/boticasdonajosefa.com\/index.php?rest_route=\/wp\/v2\/pages\/7\/revisions"}],"predecessor-version":[{"id":166,"href":"https:\/\/boticasdonajosefa.com\/index.php?rest_route=\/wp\/v2\/pages\/7\/revisions\/166"}],"wp:attachment":[{"href":"https:\/\/boticasdonajosefa.com\/index.php?rest_route=%2Fwp%2Fv2%2Fmedia&parent=7"}],"curies":[{"name":"wp","href":"https:\/\/api.w.org\/{rel}","templated":true}]}}